{"id":3153,"date":"2023-10-05T11:52:33","date_gmt":"2023-10-05T08:52:33","guid":{"rendered":"https:\/\/unelmahosting3.fi\/actas\/?page_id=3153"},"modified":"2024-03-04T12:49:22","modified_gmt":"2024-03-04T10:49:22","slug":"tietosuojaseloste","status":"publish","type":"page","link":"https:\/\/unelmahosting3.fi\/actas\/tietosuojaseloste\/","title":{"rendered":"Tietosuojaseloste"},"content":{"rendered":"<div id='av_section_1'  class='avia-section av-6xq4ep-dd87ddde9d6e88f5d097be76e1e1b766 main_color avia-section-default avia-no-border-styling  avia-builder-el-0  avia-builder-el-no-sibling  avia-bg-style-scroll container_wrap fullsize'  ><div class='container av-section-cont-open' ><main  role=\"main\" itemprop=\"mainContentOfPage\"  class='template-page content  av-content-full alpha units'><div class='post-entry post-entry-type-page post-entry-3153'><div class='entry-content-wrapper clearfix'>\n<section  class='av_textblock_section av-lnd2rllo-f6ca5a15c8149b1f3d88d4baae2ca921 '   itemscope=\"itemscope\" itemtype=\"https:\/\/schema.org\/CreativeWork\" ><div class='avia_textblock av_inherit_color'  itemprop=\"text\" ><h1>Tietosuojaseloste<\/h1>\n<\/div><\/section>\n\n<style type=\"text\/css\" data-created_by=\"avia_inline_auto\" id=\"style-css-av-lnd2u2u3-fcb1a8a28a0aad08532f366c6d570f22\">\n#top .hr.av-lnd2u2u3-fcb1a8a28a0aad08532f366c6d570f22{\nmargin-top:0px;\nmargin-bottom:10px;\n}\n.hr.av-lnd2u2u3-fcb1a8a28a0aad08532f366c6d570f22 .hr-inner{\nwidth:50px;\nborder-color:#e9a858;\n}\n<\/style>\n<div  class='hr av-lnd2u2u3-fcb1a8a28a0aad08532f366c6d570f22 hr-custom  avia-builder-el-2  el_after_av_textblock  el_before_av_textblock  hr-left hr-icon-no'><span class='hr-inner inner-border-av-border-thin'><span class=\"hr-inner-style\"><\/span><\/span><\/div>\n<section  class='av_textblock_section av-lnd2sx51-6dcfcf4ba66b69d7310ae98c3e18d8a2 '   itemscope=\"itemscope\" itemtype=\"https:\/\/schema.org\/CreativeWork\" ><div class='avia_textblock av_inherit_color'  itemprop=\"text\" ><p>T\u00e4m\u00e4 tietosuojaseloste on laadittu vastaamaan Yleisen tietosuoja-asetuksen EU 2016\/679 vaatimuksia verkkosivustomme https:\/\/www.actas.fi.<\/p>\n<p>Tietosuojaseloste kertoo, mink\u00e4laisia henkil\u00f6tietoja voimme ker\u00e4t\u00e4 sinusta ottaessasi yhteytt\u00e4 verkkosivustomme muiden kanavien, kuten sosiaalisen median kautta (j\u00e4ljemp\u00e4n\u00e4 \u201dPalvelu\u201d), sek\u00e4 mihin tarkoituksiin voimme t\u00e4llaisia tietoja k\u00e4ytt\u00e4\u00e4. K\u00e4ytt\u00e4m\u00e4ll\u00e4 Palveluamme, hyv\u00e4ksyt tietojesi k\u00e4sittelyn t\u00e4m\u00e4n tietosuojaselosteen mukaisesti.<\/p>\n<p>P\u00e4ivit\u00e4mme ajoittain t\u00e4t\u00e4 tietosuojaselostetta julkaisemalla siit\u00e4 uuden version kotisivuillamme, joten ole hyv\u00e4 ja tarkista se s\u00e4\u00e4nn\u00f6llisesti. Verkkosivuston ja liit\u00e4nn\u00e4isten palvelujen jatkuva k\u00e4ytt\u00f6si uuden version julkaisun j\u00e4lkeen katsotaan muokattujen ehtojen hyv\u00e4ksynn\u00e4ksi.<\/p>\n<\/div><\/section>\n\n<style type=\"text\/css\" data-created_by=\"avia_inline_auto\" id=\"style-css-av-5r7zj5-a06cafd2be38eb68991fcf7f721c0c21\">\n#top .hr.hr-invisible.av-5r7zj5-a06cafd2be38eb68991fcf7f721c0c21{\nheight:25px;\n}\n<\/style>\n<div  class='hr av-5r7zj5-a06cafd2be38eb68991fcf7f721c0c21 hr-invisible  avia-builder-el-4  el_after_av_textblock  el_before_av_textblock '><span class='hr-inner '><span class=\"hr-inner-style\"><\/span><\/span><\/div>\n\n<style type=\"text\/css\" data-created_by=\"avia_inline_auto\" id=\"style-css-av-3h4qn5-d5e8233e21f0669098919b892f5dc4eb\">\n#top .av_textblock_section.av-3h4qn5-d5e8233e21f0669098919b892f5dc4eb .avia_textblock{\ncolor:#e9a858;\n}\n<\/style>\n<section  class='av_textblock_section av-3h4qn5-d5e8233e21f0669098919b892f5dc4eb '   itemscope=\"itemscope\" itemtype=\"https:\/\/schema.org\/CreativeWork\" ><div class='avia_textblock av_inherit_color'  itemprop=\"text\" ><p><strong><span style=\"text-transform: uppercase; letter-spacing: 2.8px;\">TIEDOT REKISTERIST\u00c4<\/span><\/strong><\/p>\n<\/div><\/section>\n<section  class='av_textblock_section av-3awrdd-139ed16f2e13e949b7db96626f993da0 '   itemscope=\"itemscope\" itemtype=\"https:\/\/schema.org\/CreativeWork\" ><div class='avia_textblock av_inherit_color'  itemprop=\"text\" ><p><strong>Rekisterin nimi:<\/strong><br \/>\nAsianajotoimisto ACTAS Oy:n kotisivujen vierailijarekisteri<\/p>\n<p><strong>Rekisterinpit\u00e4j\u00e4:<\/strong><br \/>\nAsianajotoimisto ACTAS Oy, H\u00e4meenkatu 29 A 4, 33200 Tampere, Y-tunnus 1104792-0, <a href=\"mailto:info@actas.fi\">info@actas.fi<\/a><\/p>\n<\/div><\/section>\n\n<style type=\"text\/css\" data-created_by=\"avia_inline_auto\" id=\"style-css-av-uos89t-25f2e95345eeba508ff999cba8fa56d4\">\n#top .hr.hr-invisible.av-uos89t-25f2e95345eeba508ff999cba8fa56d4{\nheight:15px;\n}\n<\/style>\n<div  class='hr av-uos89t-25f2e95345eeba508ff999cba8fa56d4 hr-invisible  avia-builder-el-7  el_after_av_textblock  el_before_av_textblock '><span class='hr-inner '><span class=\"hr-inner-style\"><\/span><\/span><\/div>\n\n<style type=\"text\/css\" data-created_by=\"avia_inline_auto\" id=\"style-css-av-ti4y7l-083ecb3a9cf3f3f068e41f8e7d3dad68\">\n#top .av_textblock_section.av-ti4y7l-083ecb3a9cf3f3f068e41f8e7d3dad68 .avia_textblock{\ncolor:#e9a858;\n}\n<\/style>\n<section  class='av_textblock_section av-ti4y7l-083ecb3a9cf3f3f068e41f8e7d3dad68 '   itemscope=\"itemscope\" itemtype=\"https:\/\/schema.org\/CreativeWork\" ><div class='avia_textblock av_inherit_color'  itemprop=\"text\" ><p><span style=\"letter-spacing: 2.8px; text-transform: uppercase;\"><b>TIETOJEN KER\u00c4\u00c4MINEN JA S\u00c4ILYTYS<\/b><\/span><\/p>\n<\/div><\/section>\n<section  class='av_textblock_section av-2rblkh-69c45a08bdc5c47ece1ae19916fd27cd '   itemscope=\"itemscope\" itemtype=\"https:\/\/schema.org\/CreativeWork\" ><div class='avia_textblock av_inherit_color'  itemprop=\"text\" ><p>Kun sivuston k\u00e4ytt\u00e4j\u00e4t j\u00e4tt\u00e4v\u00e4t kommentteja sivustolle, ker\u00e4\u00e4mme kommenttilomakkeessa olevat tiedot, sek\u00e4 k\u00e4ytt\u00e4j\u00e4n IP-osoitteen ja selaimen versiotiedot roskaviestien tunnistamisen helpottamiseksi. Mik\u00e4li j\u00e4t\u00e4t kommentin, kommenttia ja sen metatietoa s\u00e4ilytet\u00e4\u00e4n toistaiseksi.<\/p>\n<p>Asiakastietoja ei s\u00e4ilytet\u00e4 Euroopan Unionin tai Euroopan talousalueen ulkopuolella.<\/p>\n<\/div><\/section>\n\n<style type=\"text\/css\" data-created_by=\"avia_inline_auto\" id=\"style-css-av-pb3x6p-f13bf029be8f67cfbaa92e2ccf9c943c\">\n#top .hr.hr-invisible.av-pb3x6p-f13bf029be8f67cfbaa92e2ccf9c943c{\nheight:15px;\n}\n<\/style>\n<div  class='hr av-pb3x6p-f13bf029be8f67cfbaa92e2ccf9c943c hr-invisible  avia-builder-el-10  el_after_av_textblock  el_before_av_textblock '><span class='hr-inner '><span class=\"hr-inner-style\"><\/span><\/span><\/div>\n\n<style type=\"text\/css\" data-created_by=\"avia_inline_auto\" id=\"style-css-av-nwxalt-4b885728b791f54b9ce371beb84c7b50\">\n#top .av_textblock_section.av-nwxalt-4b885728b791f54b9ce371beb84c7b50 .avia_textblock{\ncolor:#e9a858;\n}\n<\/style>\n<section  class='av_textblock_section av-nwxalt-4b885728b791f54b9ce371beb84c7b50 '   itemscope=\"itemscope\" itemtype=\"https:\/\/schema.org\/CreativeWork\" ><div class='avia_textblock av_inherit_color'  itemprop=\"text\" ><p><span style=\"letter-spacing: 2.8px; text-transform: uppercase;\"><b>REKISTERIN K\u00c4YTT\u00d6TARKOITUS<\/b><\/span><\/p>\n<\/div><\/section>\n<section  class='av_textblock_section av-m2bbg1-a5eb5d7e0e3e14ee055dfc236e635940 '   itemscope=\"itemscope\" itemtype=\"https:\/\/schema.org\/CreativeWork\" ><div class='avia_textblock av_inherit_color'  itemprop=\"text\" ><p>Rekisteri\u00e4 k\u00e4ytet\u00e4\u00e4n keskusteluun, tilausten ja muiden asiakassuhteeseen liittyvien toimenpiteiden hoitamiseen ja kehitt\u00e4miseen, palvelun tuottamiseen ja kehitt\u00e4miseen.<\/p>\n<\/div><\/section>\n\n<style type=\"text\/css\" data-created_by=\"avia_inline_auto\" id=\"style-css-av-kmqyqp-165ac0b18227b7547176d2f7ae492114\">\n#top .hr.hr-invisible.av-kmqyqp-165ac0b18227b7547176d2f7ae492114{\nheight:15px;\n}\n<\/style>\n<div  class='hr av-kmqyqp-165ac0b18227b7547176d2f7ae492114 hr-invisible  avia-builder-el-13  el_after_av_textblock  el_before_av_textblock '><span class='hr-inner '><span class=\"hr-inner-style\"><\/span><\/span><\/div>\n\n<style type=\"text\/css\" data-created_by=\"avia_inline_auto\" id=\"style-css-av-jnv6ep-ac7a320bbbef6e15e5688364697d5f00\">\n#top .av_textblock_section.av-jnv6ep-ac7a320bbbef6e15e5688364697d5f00 .avia_textblock{\ncolor:#e9a858;\n}\n<\/style>\n<section  class='av_textblock_section av-jnv6ep-ac7a320bbbef6e15e5688364697d5f00 '   itemscope=\"itemscope\" itemtype=\"https:\/\/schema.org\/CreativeWork\" ><div class='avia_textblock av_inherit_color'  itemprop=\"text\" ><p><span style=\"letter-spacing: 2.8px; text-transform: uppercase;\"><b>TIETOJEN LUOVUTTAMINEN KOLMANNELLE OSAPUOLELLE<\/b><\/span><\/p>\n<\/div><\/section>\n<section  class='av_textblock_section av-h0p1cx-655918301d2415d8cd4aff2281249868 '   itemscope=\"itemscope\" itemtype=\"https:\/\/schema.org\/CreativeWork\" ><div class='avia_textblock av_inherit_color'  itemprop=\"text\" ><p>Emme luovuta tunnistamisen mahdollistavia tietojasi ulkopuolisille osapuolille.<\/p>\n<p>T\u00e4m\u00e4n sivuston artikkelit ja kirjoitukset voivat sis\u00e4lt\u00e4\u00e4 upotettua sis\u00e4lt\u00f6\u00e4 (esimerkiksi videoita, kuvia, artikkeleita jne.). Toisilta sivustoilta tuodun upotetun sis\u00e4ll\u00f6n avaaminen on verrattavissa siihen, ett\u00e4 vierailija itse k\u00e4visi kolmannen osapuolen sivustolla.<\/p>\n<p>N\u00e4m\u00e4 sivustot voivat ker\u00e4t\u00e4 tietoa sinusta, k\u00e4ytt\u00e4\u00e4 ev\u00e4steit\u00e4, upottaa kolmannen osapuolen seurantaev\u00e4steit\u00e4 ja monitoroida vuorovaikutustasi upotetun sis\u00e4ll\u00f6n kanssa.<\/p>\n<\/div><\/section>\n\n<style type=\"text\/css\" data-created_by=\"avia_inline_auto\" id=\"style-css-av-g1ngox-5d645768a5d7ceb781a99e261e68376f\">\n#top .hr.hr-invisible.av-g1ngox-5d645768a5d7ceb781a99e261e68376f{\nheight:15px;\n}\n<\/style>\n<div  class='hr av-g1ngox-5d645768a5d7ceb781a99e261e68376f hr-invisible  avia-builder-el-16  el_after_av_textblock  el_before_av_textblock '><span class='hr-inner '><span class=\"hr-inner-style\"><\/span><\/span><\/div>\n\n<style type=\"text\/css\" data-created_by=\"avia_inline_auto\" id=\"style-css-av-elb16p-f6cb3b6dd4bc3af403c196c3dd442572\">\n#top .av_textblock_section.av-elb16p-f6cb3b6dd4bc3af403c196c3dd442572 .avia_textblock{\ncolor:#e9a858;\n}\n<\/style>\n<section  class='av_textblock_section av-elb16p-f6cb3b6dd4bc3af403c196c3dd442572 '   itemscope=\"itemscope\" itemtype=\"https:\/\/schema.org\/CreativeWork\" ><div class='avia_textblock av_inherit_color'  itemprop=\"text\" ><p><span style=\"letter-spacing: 2.8px; text-transform: uppercase;\"><b>REKISTERIN SUOJAUS<\/b><\/span><\/p>\n<\/div><\/section>\n<section  class='av_textblock_section av-cbzv3l-c3e6a11257ff2f615a5dcd33b9b77a33 '   itemscope=\"itemscope\" itemtype=\"https:\/\/schema.org\/CreativeWork\" ><div class='avia_textblock av_inherit_color'  itemprop=\"text\" ><p>Rekisterin yll\u00e4pit\u00e4jill\u00e4 on p\u00e4\u00e4sy koko rekisteriin. Tietojen suojauksesta ja luvattoman k\u00e4yt\u00f6n estosta huolehditaan yht\u00e4\u00e4lt\u00e4 k\u00e4ytt\u00e4j\u00e4ohjeistuksen ja -valvonnan ja sek\u00e4 tiedottamisen avulla, ja toisaalta teknisten keinojen kuten suojausohjelmistojen ja palomuurien avulla. K\u00e4ytt\u00e4j\u00e4n yhteystietojen p\u00e4ivitykseen on oikeus henkil\u00f6kunnalla ja sen tai valtuutetulla asiantuntijalla. Rekisterin sis\u00e4lt\u00e4mi\u00e4 tietoja k\u00e4sittelev\u00e4t ainoastaan ne, joiden ty\u00f6teht\u00e4viin se kuuluu.<\/p>\n<\/div><\/section>\n\n<style type=\"text\/css\" data-created_by=\"avia_inline_auto\" id=\"style-css-av-b5uswh-ee97e2a17d0299d062bca7b804346fe0\">\n#top .hr.hr-invisible.av-b5uswh-ee97e2a17d0299d062bca7b804346fe0{\nheight:15px;\n}\n<\/style>\n<div  class='hr av-b5uswh-ee97e2a17d0299d062bca7b804346fe0 hr-invisible  avia-builder-el-19  el_after_av_textblock  el_before_av_textblock '><span class='hr-inner '><span class=\"hr-inner-style\"><\/span><\/span><\/div>\n\n<style type=\"text\/css\" data-created_by=\"avia_inline_auto\" id=\"style-css-av-8m8u1t-e8e7fb617829156e2600742089048386\">\n#top .av_textblock_section.av-8m8u1t-e8e7fb617829156e2600742089048386 .avia_textblock{\ncolor:#e9a858;\n}\n<\/style>\n<section  class='av_textblock_section av-8m8u1t-e8e7fb617829156e2600742089048386 '   itemscope=\"itemscope\" itemtype=\"https:\/\/schema.org\/CreativeWork\" ><div class='avia_textblock av_inherit_color'  itemprop=\"text\" ><p><span style=\"letter-spacing: 2.8px; text-transform: uppercase;\"><b>EV\u00c4STEET JA SOSIAALISEN MEDIAN LIIT\u00c4NN\u00c4ISET<\/b><\/span><\/p>\n<\/div><\/section>\n<section  class='av_textblock_section av-70di1t-02004479e6c7cbe116aac51030aea4bc '   itemscope=\"itemscope\" itemtype=\"https:\/\/schema.org\/CreativeWork\" ><div class='avia_textblock av_inherit_color'  itemprop=\"text\" ><p>Jos j\u00e4t\u00e4t kommentin sivustolle, voit valita nimen, s\u00e4hk\u00f6postiosoitteen ja url-osoitteen tallennuksen ev\u00e4steeseen. T\u00e4m\u00e4 toiminto lis\u00e4\u00e4 k\u00e4ytt\u00f6mukavuutta, koska lomaketta ei tarvitse t\u00e4ytt\u00e4\u00e4 jokaisella kerralla uudelleen kommenttia lis\u00e4tess\u00e4. Ev\u00e4stetieto poistetaan selaimesta vuoden kuluttua.<\/p>\n<p>Sosiaalisen median liit\u00e4nn\u00e4isten k\u00e4ytt\u00e4minen voi l\u00e4hett\u00e4\u00e4 tunnistettavaa tietoa kyseisille sosiaalisen median palveluntarjoajille. Liit\u00e4nn\u00e4isen avatessasi saatat sallia kolmansien osapuolten Internetsivujen ev\u00e4steiden tallentumisen tietokoneellesi, jolloin n\u00e4iden hallinnoijat voivat seurata sivun k\u00e4ytt\u00f6\u00e4, mik\u00e4li olet kirjautunut kyseisen palveluntarjoajan sosiaaliseen mediaan.<\/p>\n<\/div><\/section>\n\n<style type=\"text\/css\" data-created_by=\"avia_inline_auto\" id=\"style-css-av-5j7x5t-7cef62df4eefb24c784844261b54ee1a\">\n#top .hr.hr-invisible.av-5j7x5t-7cef62df4eefb24c784844261b54ee1a{\nheight:15px;\n}\n<\/style>\n<div  class='hr av-5j7x5t-7cef62df4eefb24c784844261b54ee1a hr-invisible  avia-builder-el-22  el_after_av_textblock  el_before_av_textblock '><span class='hr-inner '><span class=\"hr-inner-style\"><\/span><\/span><\/div>\n\n<style type=\"text\/css\" data-created_by=\"avia_inline_auto\" id=\"style-css-av-4ruerl-4b718cc37fe992fd8d2ce26a2fb385e6\">\n#top .av_textblock_section.av-4ruerl-4b718cc37fe992fd8d2ce26a2fb385e6 .avia_textblock{\ncolor:#e9a858;\n}\n<\/style>\n<section  class='av_textblock_section av-4ruerl-4b718cc37fe992fd8d2ce26a2fb385e6 '   itemscope=\"itemscope\" itemtype=\"https:\/\/schema.org\/CreativeWork\" ><div class='avia_textblock av_inherit_color'  itemprop=\"text\" ><p><span style=\"letter-spacing: 2.8px; text-transform: uppercase;\"><b>REKISTERIN TARKASTUSOIKEUS<\/b><\/span><\/p>\n<\/div><\/section>\n<section  class='av_textblock_section av-2fbxg1-f859b893c553c6918f4d2da7a5da9992 '   itemscope=\"itemscope\" itemtype=\"https:\/\/schema.org\/CreativeWork\" ><div class='avia_textblock av_inherit_color'  itemprop=\"text\" ><p>Jokaisella on Tietosuoja-asetuksen mukaisesti oikeus tiet\u00e4\u00e4, mit\u00e4 h\u00e4nt\u00e4 koskevia tietoja henkil\u00f6rekisteriin on tallennettu sek\u00e4 vaatia virheellisen tiedon korjaamista rekisteriss\u00e4. Tarkastusoikeus on maksuton ja pyynt\u00f6\u00e4 esitett\u00e4ess\u00e4 henkil\u00f6n on todistettava oma henkil\u00f6llisyytens\u00e4. Pyynn\u00f6t tulee l\u00e4hett\u00e4\u00e4 kirjallisesti rekisterinpit\u00e4j\u00e4lle.<\/p>\n<p>Mik\u00e4li olet j\u00e4tt\u00e4nyt kommentteja, voit pyyt\u00e4\u00e4 koostetiedostoa omista henkil\u00f6tiedoistasi, sis\u00e4lt\u00e4en kaiken henkil\u00f6tiedon, jonka olet meille antanut. Voit my\u00f6s pyyt\u00e4\u00e4 henkil\u00f6tietojesi poistoa. Oikeus omien tietojen poistoon ei koske sellaista henkil\u00f6tietoa, joka meid\u00e4n on s\u00e4ilytett\u00e4v\u00e4 yll\u00e4pidollisista, juridisista tai tietoturvaan liittyvist\u00e4 syist\u00e4.<\/p>\n<\/div><\/section>\n\n<style type=\"text\/css\" data-created_by=\"avia_inline_auto\" id=\"style-css-av-lnd2ske3-40e39c7dba79ecae8a03fb89034e1508\">\n#top .hr.hr-invisible.av-lnd2ske3-40e39c7dba79ecae8a03fb89034e1508{\nheight:15px;\n}\n<\/style>\n<div  class='hr av-lnd2ske3-40e39c7dba79ecae8a03fb89034e1508 hr-invisible  avia-builder-el-25  el_after_av_textblock  el_before_av_textblock '><span class='hr-inner '><span class=\"hr-inner-style\"><\/span><\/span><\/div>\n\n<style type=\"text\/css\" data-created_by=\"avia_inline_auto\" id=\"style-css-av-lnd2senu-9f7a9762b7a12138b2fb022cc99abf5d\">\n#top .av_textblock_section.av-lnd2senu-9f7a9762b7a12138b2fb022cc99abf5d .avia_textblock{\ncolor:#e9a858;\n}\n<\/style>\n<section  class='av_textblock_section av-lnd2senu-9f7a9762b7a12138b2fb022cc99abf5d '   itemscope=\"itemscope\" itemtype=\"https:\/\/schema.org\/CreativeWork\" ><div class='avia_textblock av_inherit_color'  itemprop=\"text\" ><p><span style=\"letter-spacing: 2.8px; text-transform: uppercase;\"><b>MUUTOKSET TIETOSUOJASELOSTEESEEN<\/b><\/span><\/p>\n<\/div><\/section>\n<section  class='av_textblock_section av-lnd2ttmd-8dadc333a0dba695be9944a8218a51f7 '   itemscope=\"itemscope\" itemtype=\"https:\/\/schema.org\/CreativeWork\" ><div class='avia_textblock av_inherit_color'  itemprop=\"text\" ><p>Muutokset tietosuojaselosteemme p\u00e4ivitet\u00e4\u00e4n viipym\u00e4tt\u00e4 verkkopalveluumme.<\/p>\n<p>Laadittu 24.5.2018.<\/p>\n<\/div><\/section>\n\n","protected":false},"excerpt":{"rendered":"","protected":false},"author":1,"featured_media":0,"parent":0,"menu_order":0,"comment_status":"closed","ping_status":"closed","template":"","meta":{"footnotes":""},"class_list":["post-3153","page","type-page","status-publish","hentry"],"_links":{"self":[{"href":"https:\/\/unelmahosting3.fi\/actas\/wp-json\/wp\/v2\/pages\/3153","targetHints":{"allow":["GET"]}}],"collection":[{"href":"https:\/\/unelmahosting3.fi\/actas\/wp-json\/wp\/v2\/pages"}],"about":[{"href":"https:\/\/unelmahosting3.fi\/actas\/wp-json\/wp\/v2\/types\/page"}],"author":[{"embeddable":true,"href":"https:\/\/unelmahosting3.fi\/actas\/wp-json\/wp\/v2\/users\/1"}],"replies":[{"embeddable":true,"href":"https:\/\/unelmahosting3.fi\/actas\/wp-json\/wp\/v2\/comments?post=3153"}],"version-history":[{"count":3,"href":"https:\/\/unelmahosting3.fi\/actas\/wp-json\/wp\/v2\/pages\/3153\/revisions"}],"predecessor-version":[{"id":3764,"href":"https:\/\/unelmahosting3.fi\/actas\/wp-json\/wp\/v2\/pages\/3153\/revisions\/3764"}],"wp:attachment":[{"href":"https:\/\/unelmahosting3.fi\/actas\/wp-json\/wp\/v2\/media?parent=3153"}],"curies":[{"name":"wp","href":"https:\/\/api.w.org\/{rel}","templated":true}]}}